{"id":12799,"date":"2025-10-21T14:08:42","date_gmt":"2025-10-21T19:08:42","guid":{"rendered":"https:\/\/colmor.edu.co\/web\/?page_id=12799"},"modified":"2026-02-26T11:25:14","modified_gmt":"2026-02-26T16:25:14","slug":"documentos-institucionales","status":"publish","type":"page","link":"https:\/\/colmor.edu.co\/web\/documentos-institucionales\/","title":{"rendered":"DOCUMENTOS INSTITUCIONALES"},"content":{"rendered":"<div class=\"wpb-content-wrapper\"><p>[vc_section][vc_row][vc_column width=\u00bb1\/3&#8243;]<div class=\"thim-widget-heading template-base\"><div class=\"sc_heading  \"><h3 class=\"title\">Proyecto Educativo Institucional Calderonista <strong>PEI<\/strong><\/h3><span style=\"background-color:#05be62\" class=\"line\"><\/span><\/div><\/div>[vc_column_text css=\u00bb\u00bb]El PROYECTO EDUCATIVO INSTITUCIONAL \u2013 PEI &#8211; es la carta de navegaci\u00f3n de las escuelas y colegios, en donde se especifican entre otros aspectos los principios y fines del establecimiento, los recursos docentes y did\u00e1cticos disponibles y necesarios, la estrategia pedag\u00f3gica, el reglamento para docentes y estudiantes y el sistema de gesti\u00f3n.<\/p>\n<p>En el siguiente documento se presenta el Proyecto Educativo Institucional de la Instituci\u00f3n Educativa Presb\u00edtero Juan Carlos Calder\u00f3n Quintero, establecimiento que presta el servicio en Educaci\u00f3n formal ofertando los niveles de Preescolar, Primaria, Secundaria, Media Acad\u00e9mica y Media T\u00e9cnica con reconocimiento seg\u00fan resoluci\u00f3n 0392 del 3 de febrero de 2023. Est\u00e1 integrado por los componentes conceptual, administrativo, pedag\u00f3gico y comunitario.[\/vc_column_text][\/vc_column][vc_column width=\u00bb1\/3&#8243;]<div class=\"thim-widget-heading template-base\"><div class=\"sc_heading  \"><h3 class=\"title\">Sistema Institucional de Evaluaci\u00f3n de los Estudiantes <strong>SIEE<\/strong><\/h3><span style=\"background-color:#05be62\" class=\"line\"><\/span><\/div><\/div>[vc_column_text css=\u00bb\u00bb]En la Instituci\u00f3n Educativa Presb\u00edtero Juan Carlos Calder\u00f3n Quintero la evaluaci\u00f3n est\u00e1 enmarcada en los principios rectores de la Ley General de Educaci\u00f3n (Ley 115 de 1994), y los decretos relacionados con la evaluaci\u00f3n del aprendizaje y promoci\u00f3n de los estudiantes de los niveles de educaci\u00f3n b\u00e1sica y media (1290 de 2009), el Decreto \u00danico Reglamentario del Sector Educaci\u00f3n (decreto 1075 de 2015), el marco de la educaci\u00f3n inclusiva la atenci\u00f3n educativa a la poblaci\u00f3n con discapacidad (decreto 1421 de 2017) y el de prestaci\u00f3n del servicio de educaci\u00f3n inicial en Colombia (decreto 1411 de 2022).[\/vc_column_text][\/vc_column][vc_column width=\u00bb1\/3&#8243;]<div class=\"thim-widget-heading template-base\"><div class=\"sc_heading  \"><h3 class=\"title\">Manual de Convivencia Calderonista <strong>MACOE<\/strong><\/h3><span style=\"background-color:#05be62\" class=\"line\"><\/span><\/div><\/div>[vc_column_text css=\u00bb\u00bb]Partiendo del principio de que toda sociedad organizada debe contar con un conjunto de normas o acuerdos que garanticen la convivencia arm\u00f3nica de las personas, presentamos a la comunidad de la Instituci\u00f3n Educativa Presb\u00edtero Juan Carlos Calder\u00f3n Quintero el presente MANUAL DE CONVIVENCIA, que se concibe como el conjunto de orientaciones \u00e9ticas, normas, derechos y procedimientos claros y concretos, inscritos en el Proyecto Educativo Institucional, que se convierten en marco de referencia para facilitar las relaciones entre todos los integrantes de la Comunidad Educativa de Instituci\u00f3n Educativa Presb\u00edtero Juan Carlos Calder\u00f3n Quintero.<\/p>\n<p>Este manual busca dar cumplimiento a la LEY, a nuestra filosof\u00eda, misi\u00f3n, visi\u00f3n y al total desarrollo del Proyecto Educativo; al tiempo que constituye una herramienta reguladora del comportamiento de nuestros estudiantes, docentes, directivos, padres de familia o representantes de los\u00a0estudiantes.[\/vc_column_text][\/vc_column][\/vc_row][vc_row][vc_column width=\u00bb1\/3&#8243;][vc_btn title=\u00bbDescargar PEI\u00bb style=\u00bb3d\u00bb color=\u00bbjuicy-pink\u00bb align=\u00bbcenter\u00bb css=\u00bb\u00bb button_block=\u00bbtrue\u00bb link=\u00bburl:https%3A%2F%2Fcolmor.edu.co%2Fweb%2Fwp-content%2Fuploads%2F2025%2F10%2FPEI-2023-COLCALDERON.pdf|target:_blank\u00bb][\/vc_column][vc_column width=\u00bb1\/3&#8243;][vc_btn title=\u00bbDescargar SIEE\u00bb style=\u00bb3d\u00bb color=\u00bbgreen\u00bb align=\u00bbcenter\u00bb css=\u00bb\u00bb button_block=\u00bbtrue\u00bb link=\u00bburl:https%3A%2F%2Fcolmor.edu.co%2Fweb%2Fwp-content%2Fuploads%2F2026%2F02%2FSIEE-2026-V5.0-.pdf|target:_blank\u00bb][\/vc_column][vc_column width=\u00bb1\/3&#8243;][vc_btn title=\u00bbDescargar MACOE\u00bb style=\u00bb3d\u00bb color=\u00bbjuicy-pink\u00bb align=\u00bbcenter\u00bb css=\u00bb\u00bb button_block=\u00bbtrue\u00bb link=\u00bburl:https%3A%2F%2Fcolmor.edu.co%2Fweb%2Fwp-content%2Fuploads%2F2025%2F10%2F4.-MANUAL-DE-CONVIVENCIA-CALDERONISTA.pdf|target:_blank\u00bb][\/vc_column][\/vc_row][\/vc_section]<\/p>\n<\/div>","protected":false},"excerpt":{"rendered":"<p>[vc_section][vc_row][vc_column width=\u00bb1\/3&#8243;][vc_column_text css=\u00bb\u00bb]El PROYECTO EDUCATIVO INSTITUCIONAL \u2013 PEI &#8211; es la carta de navegaci\u00f3n de las escuelas y colegios, en donde se especifican entre otros aspectos los principios y fines del establecimiento, los recursos docentes y did\u00e1cticos disponibles y necesarios, &hellip; <\/p>\n","protected":false},"author":1,"featured_media":0,"parent":0,"menu_order":0,"comment_status":"closed","ping_status":"closed","template":"","meta":{"footnotes":""},"class_list":["post-12799","page","type-page","status-publish","hentry"],"_links":{"self":[{"href":"https:\/\/colmor.edu.co\/web\/wp-json\/wp\/v2\/pages\/12799","targetHints":{"allow":["GET"]}}],"collection":[{"href":"https:\/\/colmor.edu.co\/web\/wp-json\/wp\/v2\/pages"}],"about":[{"href":"https:\/\/colmor.edu.co\/web\/wp-json\/wp\/v2\/types\/page"}],"author":[{"embeddable":true,"href":"https:\/\/colmor.edu.co\/web\/wp-json\/wp\/v2\/users\/1"}],"replies":[{"embeddable":true,"href":"https:\/\/colmor.edu.co\/web\/wp-json\/wp\/v2\/comments?post=12799"}],"version-history":[{"count":6,"href":"https:\/\/colmor.edu.co\/web\/wp-json\/wp\/v2\/pages\/12799\/revisions"}],"predecessor-version":[{"id":12861,"href":"https:\/\/colmor.edu.co\/web\/wp-json\/wp\/v2\/pages\/12799\/revisions\/12861"}],"wp:attachment":[{"href":"https:\/\/colmor.edu.co\/web\/wp-json\/wp\/v2\/media?parent=12799"}],"curies":[{"name":"wp","href":"https:\/\/api.w.org\/{rel}","templated":true}]}}